

{"id":106,"date":"2025-01-03T10:58:28","date_gmt":"2025-01-03T10:58:28","guid":{"rendered":"https:\/\/nordico-oils.es\/?page_id=106"},"modified":"2025-02-05T07:21:33","modified_gmt":"2025-02-05T07:21:33","slug":"shipping","status":"publish","type":"page","link":"https:\/\/nordico-oils.es\/?page_id=106","title":{"rendered":"TERMOS E CONDI\u00c7\u00d5ES"},"content":{"rendered":"\n<h1 class=\"wp-block-heading\">TERMOS E CONDI\u00c7\u00d5ES<\/h1>\n\n\n\n<p><strong>\u00daltima atualiza\u00e7\u00e3o:<\/strong> 11\/12\/2024<\/p>\n\n\n\n<p>Bem-vindo(a) ao site da <strong>Nordic Nutrition GmbH<\/strong> (doravante \u201cn\u00f3s\u201d, \u201cnosso\u201d ou \u201cempresa\u201d), localizado em <a href=\"#\">nordic-oils.es<\/a> (doravante \u201cSite\u201d). Ao acessar e utilizar este Site, bem como ao adquirir nossos produtos, voc\u00ea concorda com os seguintes Termos e Condi\u00e7\u00f5es. Caso n\u00e3o concorde com alguma parte destes termos, recomendamos que interrompa o uso do Site.<\/p>\n\n\n\n<hr class=\"wp-block-separator has-alpha-channel-opacity\"\/>\n\n\n\n<h2 class=\"wp-block-heading\">1. INFORMA\u00c7\u00d5ES DA EMPRESA<\/h2>\n\n\n\n<ul class=\"wp-block-list\">\n<li><strong>Nome:<\/strong> Nordic Nutrition GmbH<\/li>\n\n\n\n<li><strong>Endere\u00e7o:<\/strong> Sandstra\u00dfe 3, 80335 M\u00fanich, Alemanha<\/li>\n\n\n\n<li><strong>E-mail:<\/strong> <a>info@nordico-oils.es<\/a><\/li>\n\n\n\n<li><strong>Telefone:<\/strong> +49 0151 25027861<\/li>\n<\/ul>\n\n\n\n<hr class=\"wp-block-separator has-alpha-channel-opacity\"\/>\n\n\n\n<h2 class=\"wp-block-heading\">2. ESCOPO<\/h2>\n\n\n\n<p>Estes Termos e Condi\u00e7\u00f5es se aplicam a todos os usu\u00e1rios do Site, incluindo visitantes, clientes e quaisquer outros indiv\u00edduos ou entidades que acessem ou utilizem nossos servi\u00e7os, independentemente do local de onde estejam navegando.<\/p>\n\n\n\n<hr class=\"wp-block-separator has-alpha-channel-opacity\"\/>\n\n\n\n<h2 class=\"wp-block-heading\">3. ELEGIBILIDADE<\/h2>\n\n\n\n<p>Para fazer compras em nosso Site ou utilizar determinados servi\u00e7os, \u00e9 necess\u00e1rio:<\/p>\n\n\n\n<ol class=\"wp-block-list\">\n<li>Ter pelo menos 18 anos de idade, ou estar sob supervis\u00e3o de um respons\u00e1vel legal que concorde com estes Termos e Condi\u00e7\u00f5es.<\/li>\n\n\n\n<li>Fornecer informa\u00e7\u00f5es verdadeiras, exatas, atuais e completas quando solicitado.<\/li>\n<\/ol>\n\n\n\n<p>Ao prosseguir, voc\u00ea declara que cumpre estes crit\u00e9rios.<\/p>\n\n\n\n<hr class=\"wp-block-separator has-alpha-channel-opacity\"\/>\n\n\n\n<h2 class=\"wp-block-heading\">4. PRODUTOS E SERVI\u00c7OS<\/h2>\n\n\n\n<h3 class=\"wp-block-heading\">4.1 Descri\u00e7\u00e3o dos Produtos<\/h3>\n\n\n\n<p>Fazemos o poss\u00edvel para exibir com precis\u00e3o as caracter\u00edsticas, imagens e descri\u00e7\u00f5es dos produtos. No entanto, podem ocorrer pequenas varia\u00e7\u00f5es, e nos reservamos o direito de corrigir eventuais erros de descri\u00e7\u00e3o ou precifica\u00e7\u00e3o a qualquer momento.<\/p>\n\n\n\n<h3 class=\"wp-block-heading\">4.2 Disponibilidade<\/h3>\n\n\n\n<p>Os produtos est\u00e3o sujeitos \u00e0 disponibilidade em estoque. Podemos, a nosso exclusivo crit\u00e9rio, limitar ou cancelar as quantidades dos itens oferecidos no Site.<\/p>\n\n\n\n<hr class=\"wp-block-separator has-alpha-channel-opacity\"\/>\n\n\n\n<h2 class=\"wp-block-heading\">5. PRE\u00c7OS E PAGAMENTO<\/h2>\n\n\n\n<h3 class=\"wp-block-heading\">5.1 Pre\u00e7os<\/h3>\n\n\n\n<p>Todos os pre\u00e7os exibidos no Site est\u00e3o em [moeda, por exemplo: EUR] e incluem impostos aplic\u00e1veis (se necess\u00e1rio). Os valores de frete podem ou n\u00e3o estar inclu\u00eddos, de acordo com a pol\u00edtica de frete vigente.<\/p>\n\n\n\n<h3 class=\"wp-block-heading\">5.2 Altera\u00e7\u00f5es de Pre\u00e7o<\/h3>\n\n\n\n<p>Reservamo-nos o direito de alterar os pre\u00e7os de nossos produtos a qualquer momento, sem aviso pr\u00e9vio. Entretanto, cobraremos sempre o valor exibido no momento da sua compra.<\/p>\n\n\n\n<h3 class=\"wp-block-heading\">5.3 M\u00e9todos de Pagamento<\/h3>\n\n\n\n<p>Aceitamos diversos m\u00e9todos de pagamento seguros (ex.: cart\u00e3o de cr\u00e9dito\/d\u00e9bito, PayPal, etc.), dependendo da disponibilidade em cada pa\u00eds. Voc\u00ea concorda em fornecer informa\u00e7\u00f5es completas, ver\u00eddicas e atualizadas para efetuar a transa\u00e7\u00e3o.<\/p>\n\n\n\n<hr class=\"wp-block-separator has-alpha-channel-opacity\"\/>\n\n\n\n<h2 class=\"wp-block-heading\">6. ENTREGA E FRETE<\/h2>\n\n\n\n<h3 class=\"wp-block-heading\">6.1 Prazo de Processamento<\/h3>\n\n\n\n<p>As encomendas s\u00e3o processadas em at\u00e9 [1\u20133] dias \u00fateis ap\u00f3s a confirma\u00e7\u00e3o do pagamento, salvo indica\u00e7\u00e3o em contr\u00e1rio no momento da compra.<\/p>\n\n\n\n<h3 class=\"wp-block-heading\">6.2 Prazo de Entrega<\/h3>\n\n\n\n<p>O tempo de entrega varia conforme a regi\u00e3o de destino e a transportadora. Embora fa\u00e7amos o m\u00e1ximo para que a entrega seja realizada dentro do prazo estimado, n\u00e3o nos responsabilizamos por atrasos ocasionados por fatores externos (ex.: greves, condi\u00e7\u00f5es clim\u00e1ticas ou procedimentos alfandeg\u00e1rios).<\/p>\n\n\n\n<h3 class=\"wp-block-heading\">6.3 Frete<\/h3>\n\n\n\n<p>Nossa <a href=\"#\">Pol\u00edtica de Frete<\/a> detalha custos, condi\u00e7\u00f5es e outras informa\u00e7\u00f5es relacionadas ao envio.<\/p>\n\n\n\n<hr class=\"wp-block-separator has-alpha-channel-opacity\"\/>\n\n\n\n<h2 class=\"wp-block-heading\">7. DIREITO DE ARREPENDIMENTO (CONSUMIDORES DA UE)<\/h2>\n\n\n\n<p>Se voc\u00ea reside na Uni\u00e3o Europeia, tem direito a um per\u00edodo de 14 dias para exercer o direito de arrependimento, a contar da data de recebimento dos produtos, em conformidade com as normas de defesa do consumidor. Caso ofere\u00e7amos uma <strong>garantia de satisfa\u00e7\u00e3o de 30 dias<\/strong> ou outra pol\u00edtica de devolu\u00e7\u00e3o mais abrangente, essa condi\u00e7\u00e3o se soma aos direitos obrigat\u00f3rios previstos em lei. Para mais detalhes, consulte nossa <a href=\"#\">Pol\u00edtica de Devolu\u00e7\u00e3o e Reembolso<\/a>.<\/p>\n\n\n\n<hr class=\"wp-block-separator has-alpha-channel-opacity\"\/>\n\n\n\n<h2 class=\"wp-block-heading\">8. DEVOLU\u00c7\u00d5ES E REEMBOLSOS<\/h2>\n\n\n\n<p>Nossa <a href=\"#\">Pol\u00edtica de Devolu\u00e7\u00e3o e Reembolso<\/a> descreve o procedimento e as condi\u00e7\u00f5es para troca, devolu\u00e7\u00e3o e reembolso de produtos, incluindo prazos e custos de frete no caso de devolu\u00e7\u00f5es.<\/p>\n\n\n\n<hr class=\"wp-block-separator has-alpha-channel-opacity\"\/>\n\n\n\n<h2 class=\"wp-block-heading\">9. LIMITA\u00c7\u00c3O DE RESPONSABILIDADE<\/h2>\n\n\n\n<ol class=\"wp-block-list\">\n<li><strong>Erros do Site:<\/strong> Embora nos esforcemos para manter todas as informa\u00e7\u00f5es atualizadas e corretas, n\u00e3o garantimos que o Site ser\u00e1 livre de erros, interrup\u00e7\u00f5es ou v\u00edrus.<\/li>\n\n\n\n<li><strong>Uso dos Produtos:<\/strong> A Nordic Nutrition GmbH n\u00e3o se responsabiliza por quaisquer danos diretos, indiretos, incidentais ou consequentes decorrentes do uso inadequado ou da incapacidade de uso dos nossos produtos.<\/li>\n\n\n\n<li><strong>Links Externos:<\/strong> O Site pode conter links para sites de terceiros sobre os quais n\u00e3o temos controle. N\u00e3o assumimos responsabilidade pelo conte\u00fado ou pr\u00e1ticas de privacidade de tais sites.<\/li>\n<\/ol>\n\n\n\n<hr class=\"wp-block-separator has-alpha-channel-opacity\"\/>\n\n\n\n<h2 class=\"wp-block-heading\">10. PROPRIEDADE INTELECTUAL<\/h2>\n\n\n\n<p>Todo o conte\u00fado do Site, incluindo textos, imagens, gr\u00e1ficos, logotipos, \u00edcones e software, \u00e9 de propriedade ou licenciado pela Nordic Nutrition GmbH e est\u00e1 protegido pelas leis de direitos autorais e outras leis de propriedade intelectual. \u00c9 proibida a reprodu\u00e7\u00e3o, distribui\u00e7\u00e3o ou modifica\u00e7\u00e3o sem nosso consentimento pr\u00e9vio por escrito.<\/p>\n\n\n\n<hr class=\"wp-block-separator has-alpha-channel-opacity\"\/>\n\n\n\n<h2 class=\"wp-block-heading\">11. PROTE\u00c7\u00c3O DE DADOS<\/h2>\n\n\n\n<p>O tratamento de dados pessoais \u00e9 regido por nossa <a href=\"#\">Pol\u00edtica de Privacidade<\/a>, em conformidade com o Regulamento Geral de Prote\u00e7\u00e3o de Dados (RGPD). Recomendamos a leitura atenta para compreender como coletamos, usamos e protegemos as informa\u00e7\u00f5es pessoais dos usu\u00e1rios.<\/p>\n\n\n\n<hr class=\"wp-block-separator has-alpha-channel-opacity\"\/>\n\n\n\n<h2 class=\"wp-block-heading\">12. MODIFICA\u00c7\u00d5ES DESTES TERMOS<\/h2>\n\n\n\n<p>Podemos alterar estes Termos e Condi\u00e7\u00f5es a qualquer momento para refletir mudan\u00e7as em nossas pr\u00e1ticas comerciais, em obriga\u00e7\u00f5es legais ou por outros motivos. Quando fizermos altera\u00e7\u00f5es substanciais, publicaremos um aviso em nosso Site ou entraremos em contato por e-mail (se aplic\u00e1vel). A data de \u201c\u00daltima atualiza\u00e7\u00e3o\u201d no topo deste documento indica quando os termos foram revisados pela \u00faltima vez.<\/p>\n\n\n\n<hr class=\"wp-block-separator has-alpha-channel-opacity\"\/>\n\n\n\n<h2 class=\"wp-block-heading\">13. LEI APLIC\u00c1VEL E JURISDI\u00c7\u00c3O<\/h2>\n\n\n\n<p>Estes Termos e Condi\u00e7\u00f5es s\u00e3o regidos e interpretados de acordo com as leis da [Alemanha ou outro pa\u00eds aplic\u00e1vel], sem considerar conflitos de leis. Qualquer disputa relacionada a estes termos ou ao uso do Site ser\u00e1 dirimida nos tribunais competentes dessa jurisdi\u00e7\u00e3o, respeitando-se tamb\u00e9m o direito do consumidor de buscar solu\u00e7\u00f5es no local de sua resid\u00eancia, conforme legisla\u00e7\u00e3o vigente.<\/p>\n\n\n\n<hr class=\"wp-block-separator has-alpha-channel-opacity\"\/>\n\n\n\n<h2 class=\"wp-block-heading\">14. CONTATO<\/h2>\n\n\n\n<p>Em caso de d\u00favidas ou coment\u00e1rios sobre estes Termos e Condi\u00e7\u00f5es, ou se precisar de suporte, entre em contato conosco:<\/p>\n\n\n\n<ul class=\"wp-block-list\">\n<li><strong>Nordic Nutrition GmbH<\/strong><\/li>\n\n\n\n<li>Sandstra\u00dfe 3, 80335 M\u00fanich, Alemanha<\/li>\n\n\n\n<li><strong>E-mail:<\/strong> <a>info@nordico-oils.es<\/a><\/li>\n\n\n\n<li><strong>Telefone:<\/strong> +49 0151 25027861<\/li>\n<\/ul>\n\n\n\n<p><\/p>\n","protected":false},"excerpt":{"rendered":"<p>TERMOS E CONDI\u00c7\u00d5ES \u00daltima atualiza\u00e7\u00e3o: 11\/12\/2024 Bem-vindo(a) ao site da Nordic Nutrition GmbH (doravante \u201cn\u00f3s\u201d, \u201cnosso\u201d ou \u201cempresa\u201d), localizado em nordic-oils.es (doravante \u201cSite\u201d). Ao acessar e utilizar este Site, bem como ao adquirir nossos produtos, voc\u00ea concorda com os seguintes Termos e Condi\u00e7\u00f5es. Caso n\u00e3o concorde com alguma parte destes termos, recomendamos que interrompa o [&#8230;]\n","protected":false},"author":1,"featured_media":0,"parent":0,"menu_order":0,"comment_status":"closed","ping_status":"closed","template":"","meta":{"footnotes":""},"class_list":["post-106","page","type-page","status-publish","hentry"],"_links":{"self":[{"href":"https:\/\/nordico-oils.es\/index.php?rest_route=\/wp\/v2\/pages\/106","targetHints":{"allow":["GET"]}}],"collection":[{"href":"https:\/\/nordico-oils.es\/index.php?rest_route=\/wp\/v2\/pages"}],"about":[{"href":"https:\/\/nordico-oils.es\/index.php?rest_route=\/wp\/v2\/types\/page"}],"author":[{"embeddable":true,"href":"https:\/\/nordico-oils.es\/index.php?rest_route=\/wp\/v2\/users\/1"}],"replies":[{"embeddable":true,"href":"https:\/\/nordico-oils.es\/index.php?rest_route=%2Fwp%2Fv2%2Fcomments&post=106"}],"version-history":[{"count":6,"href":"https:\/\/nordico-oils.es\/index.php?rest_route=\/wp\/v2\/pages\/106\/revisions"}],"predecessor-version":[{"id":166,"href":"https:\/\/nordico-oils.es\/index.php?rest_route=\/wp\/v2\/pages\/106\/revisions\/166"}],"wp:attachment":[{"href":"https:\/\/nordico-oils.es\/index.php?rest_route=%2Fwp%2Fv2%2Fmedia&parent=106"}],"curies":[{"name":"wp","href":"https:\/\/api.w.org\/{rel}","templated":true}]}}