

{"id":118,"date":"2025-01-03T13:47:11","date_gmt":"2025-01-03T13:47:11","guid":{"rendered":"https:\/\/nordico-oils.es\/?page_id=118"},"modified":"2025-01-09T10:36:44","modified_gmt":"2025-01-09T10:36:44","slug":"contactanos","status":"publish","type":"page","link":"https:\/\/nordico-oils.es\/?page_id=118","title":{"rendered":"Contacte-nos"},"content":{"rendered":"\n<p>Na <strong>Nordico Oils<\/strong>, estamos \u00e0 sua disposi\u00e7\u00e3o para esclarecer d\u00favidas, ouvir os seus coment\u00e1rios ou oferecer assist\u00eancia. O nosso compromisso \u00e9 proporcionar-lhe a melhor experi\u00eancia poss\u00edvel.<\/p>\n\n\n\n<h3 class=\"wp-block-heading\"><strong>Informa\u00e7\u00f5es de Contacto<\/strong><\/h3>\n\n\n\n<p><strong>Nordic Nutrition GmbH<\/strong><br>Sandstra\u00dfe 3<br>80335 Munique<br>Alemanha<\/p>\n\n\n\n<p><strong>E-mail<\/strong>: <a>info@nordico-oils.es<\/a><br><strong>Telefone<\/strong>: +49 0151 25027861<\/p>\n\n\n\n<h3 class=\"wp-block-heading\"><strong>Hor\u00e1rio de Atendimento ao Cliente<\/strong><\/h3>\n\n\n\n<p>O nosso servi\u00e7o de apoio ao cliente est\u00e1 dispon\u00edvel de segunda a sexta-feira, das 9:00 \u00e0s 17:00. Esfor\u00e7amo-nos por responder a todas as consultas no prazo de 24 horas \u00fateis.<\/p>\n\n\n\n<h3 class=\"wp-block-heading\"><strong>Perguntas Frequentes<\/strong><\/h3>\n\n\n\n<ol class=\"wp-block-list\">\n<li><strong>Como posso acompanhar o meu pedido?<\/strong><br>Receber\u00e1 um e-mail com um n\u00famero de rastreamento assim que o seu pedido for enviado.<\/li>\n\n\n\n<li><strong>Posso alterar o meu pedido depois de o finalizar?<\/strong><br>Se precisar de fazer altera\u00e7\u00f5es, contacte-nos o mais rapidamente poss\u00edvel. Faremos o nosso melhor para ajudar, desde que o pedido ainda n\u00e3o tenha sido processado para envio.<\/li>\n\n\n\n<li><strong>Como posso devolver um produto?<\/strong><br>Consulte a nossa Pol\u00edtica de Devolu\u00e7\u00f5es para mais informa\u00e7\u00f5es sobre como devolver um produto.<\/li>\n<\/ol>\n\n\n\n<h3 class=\"wp-block-heading\"><strong>Estamos Aqui para Ajudar<\/strong><\/h3>\n\n\n\n<p>A sua satisfa\u00e7\u00e3o \u00e9 a nossa prioridade. N\u00e3o hesite em contactar-nos se tiver d\u00favidas ou precisar de assist\u00eancia. Obrigado por confiar na Nordico Oils.<\/p>\n","protected":false},"excerpt":{"rendered":"<p>Na Nordico Oils, estamos \u00e0 sua disposi\u00e7\u00e3o para esclarecer d\u00favidas, ouvir os seus coment\u00e1rios ou oferecer assist\u00eancia. O nosso compromisso \u00e9 proporcionar-lhe a melhor experi\u00eancia poss\u00edvel. Informa\u00e7\u00f5es de Contacto Nordic Nutrition GmbHSandstra\u00dfe 380335 MuniqueAlemanha E-mail: info@nordico-oils.esTelefone: +49 0151 25027861 Hor\u00e1rio de Atendimento ao Cliente O nosso servi\u00e7o de apoio ao cliente est\u00e1 dispon\u00edvel de segunda [&#8230;]\n","protected":false},"author":1,"featured_media":0,"parent":0,"menu_order":0,"comment_status":"closed","ping_status":"closed","template":"","meta":{"footnotes":""},"class_list":["post-118","page","type-page","status-publish","hentry"],"_links":{"self":[{"href":"https:\/\/nordico-oils.es\/index.php?rest_route=\/wp\/v2\/pages\/118","targetHints":{"allow":["GET"]}}],"collection":[{"href":"https:\/\/nordico-oils.es\/index.php?rest_route=\/wp\/v2\/pages"}],"about":[{"href":"https:\/\/nordico-oils.es\/index.php?rest_route=\/wp\/v2\/types\/page"}],"author":[{"embeddable":true,"href":"https:\/\/nordico-oils.es\/index.php?rest_route=\/wp\/v2\/users\/1"}],"replies":[{"embeddable":true,"href":"https:\/\/nordico-oils.es\/index.php?rest_route=%2Fwp%2Fv2%2Fcomments&post=118"}],"version-history":[{"count":2,"href":"https:\/\/nordico-oils.es\/index.php?rest_route=\/wp\/v2\/pages\/118\/revisions"}],"predecessor-version":[{"id":144,"href":"https:\/\/nordico-oils.es\/index.php?rest_route=\/wp\/v2\/pages\/118\/revisions\/144"}],"wp:attachment":[{"href":"https:\/\/nordico-oils.es\/index.php?rest_route=%2Fwp%2Fv2%2Fmedia&parent=118"}],"curies":[{"name":"wp","href":"https:\/\/api.w.org\/{rel}","templated":true}]}}