

{"id":151,"date":"2025-01-09T13:07:42","date_gmt":"2025-01-09T13:07:42","guid":{"rendered":"https:\/\/nordico-oils.es\/?page_id=151"},"modified":"2025-01-09T13:07:43","modified_gmt":"2025-01-09T13:07:43","slug":"politica-de-envio","status":"publish","type":"page","link":"https:\/\/nordico-oils.es\/?page_id=151","title":{"rendered":"Pol\u00edtica de Envio"},"content":{"rendered":"\n<h3 class=\"wp-block-heading\"><strong>Pol\u00edtica de Envio<\/strong><\/h3>\n\n\n\n<p><strong>\u00daltima Atualiza\u00e7\u00e3o: 05\/11\/2024<\/strong><\/p>\n\n\n\n<p>Na <strong>Nordico Oils<\/strong>, trabalhamos para garantir que sua experi\u00eancia de compra seja simples e agrad\u00e1vel. Aqui est\u00e1 tudo o que voc\u00ea precisa saber sobre m\u00e9todos de envio, prazos de entrega e custos.<\/p>\n\n\n\n<hr class=\"wp-block-separator has-alpha-channel-opacity\"\/>\n\n\n\n<h3 class=\"wp-block-heading\"><strong>1. Op\u00e7\u00f5es de Envio<\/strong><\/h3>\n\n\n\n<ul class=\"wp-block-list\">\n<li><strong>Envio Padr\u00e3o<\/strong>: Oferecemos envio padr\u00e3o para todos os pedidos realizados atrav\u00e9s da nossa loja online.<\/li>\n<\/ul>\n\n\n\n<hr class=\"wp-block-separator has-alpha-channel-opacity\"\/>\n\n\n\n<h3 class=\"wp-block-heading\"><strong>2. Prazos de Entrega<\/strong><\/h3>\n\n\n\n<ul class=\"wp-block-list\">\n<li><strong>Portugal<\/strong>: Os pedidos s\u00e3o entregues em 3 a 5 dias \u00fateis.<\/li>\n\n\n\n<li><strong>Pedidos realizados em feriados<\/strong>: Os prazos de entrega podem variar caso o pedido seja feito durante um feriado.<\/li>\n<\/ul>\n\n\n\n<p>Comprometemo-nos a processar e enviar o seu pedido o mais r\u00e1pido poss\u00edvel. Forneceremos atualiza\u00e7\u00f5es por e-mail com os detalhes para rastrear o envio.<\/p>\n\n\n\n<hr class=\"wp-block-separator has-alpha-channel-opacity\"\/>\n\n\n\n<h3 class=\"wp-block-heading\"><strong>3. Custos de Envio<\/strong><\/h3>\n\n\n\n<ul class=\"wp-block-list\">\n<li><strong>Envio gratuito<\/strong>: Para pedidos superiores a 49,99 \u20ac, oferecemos envio gratuito.<\/li>\n\n\n\n<li><strong>Pedidos abaixo de 49,99 \u20ac<\/strong>: Ser\u00e1 aplicado um custo fixo de envio de 5,95 \u20ac.<\/li>\n<\/ul>\n\n\n\n<hr class=\"wp-block-separator has-alpha-channel-opacity\"\/>\n\n\n\n<h3 class=\"wp-block-heading\"><strong>4. Rastreamento de Pedidos<\/strong><\/h3>\n\n\n\n<p>Assim que o seu pedido for enviado, voc\u00ea receber\u00e1 um e-mail com um n\u00famero de rastreamento e um link para acompanhar o status da entrega em tempo real.<\/p>\n\n\n\n<hr class=\"wp-block-separator has-alpha-channel-opacity\"\/>\n\n\n\n<h3 class=\"wp-block-heading\"><strong>5. \u00c1reas de Envio<\/strong><\/h3>\n\n\n\n<p>Atualmente, enviamos para todo Portugal, incluindo as ilhas da Madeira e dos A\u00e7ores. Caso tenha um endere\u00e7o de entrega fora dessas \u00e1reas, entre em contacto connosco atrav\u00e9s de <a>info@nordico-oils.es<\/a> para avaliar op\u00e7\u00f5es personalizadas.<\/p>\n\n\n\n<hr class=\"wp-block-separator has-alpha-channel-opacity\"\/>\n\n\n\n<h3 class=\"wp-block-heading\"><strong>6. Pedidos N\u00e3o Entregues ou Atrasados<\/strong><\/h3>\n\n\n\n<p>Se o seu pedido n\u00e3o chegar dentro do prazo estimado de entrega, entre em contacto com a nossa equipa de atendimento ao cliente. Investigaremos o status do seu pacote e faremos o poss\u00edvel para resolver a situa\u00e7\u00e3o.<\/p>\n\n\n\n<hr class=\"wp-block-separator has-alpha-channel-opacity\"\/>\n\n\n\n<h3 class=\"wp-block-heading\"><strong>7. Altera\u00e7\u00f5es no Endere\u00e7o de Entrega<\/strong><\/h3>\n\n\n\n<p>Caso precise alterar o endere\u00e7o de entrega ap\u00f3s fazer o pedido, entre em contacto connosco o mais r\u00e1pido poss\u00edvel pelo e-mail <a>info@nordico-oils.es<\/a>.<\/p>\n\n\n\n<hr class=\"wp-block-separator has-alpha-channel-opacity\"\/>\n\n\n\n<h3 class=\"wp-block-heading\"><strong>8. Contacto<\/strong><\/h3>\n\n\n\n<p>Se tiver d\u00favidas sobre o envio, n\u00e3o hesite em entrar em contacto connosco:<\/p>\n\n\n\n<p><strong>Nordic Nutrition GmbH<\/strong><br>Sandstra\u00dfe 3<br>80335 Munique<br>Alemanha<\/p>\n\n\n\n<p><strong>E-mail<\/strong>: <a>info@nordico-oils.es<\/a><br><strong>Telefone<\/strong>: +49 0151 25027861<\/p>\n\n\n\n<hr class=\"wp-block-separator has-alpha-channel-opacity\"\/>\n\n\n\n<p>Obrigado por escolher a <strong>Nordico Oils<\/strong>. Trabalhamos para garantir que os seus pedidos cheguem de forma r\u00e1pida e segura.<\/p>\n","protected":false},"excerpt":{"rendered":"<p>Pol\u00edtica de Envio \u00daltima Atualiza\u00e7\u00e3o: 05\/11\/2024 Na Nordico Oils, trabalhamos para garantir que sua experi\u00eancia de compra seja simples e agrad\u00e1vel. Aqui est\u00e1 tudo o que voc\u00ea precisa saber sobre m\u00e9todos de envio, prazos de entrega e custos. 1. Op\u00e7\u00f5es de Envio 2. Prazos de Entrega Comprometemo-nos a processar e enviar o seu pedido o [&#8230;]\n","protected":false},"author":1,"featured_media":0,"parent":0,"menu_order":0,"comment_status":"closed","ping_status":"closed","template":"","meta":{"footnotes":""},"class_list":["post-151","page","type-page","status-publish","hentry"],"_links":{"self":[{"href":"https:\/\/nordico-oils.es\/index.php?rest_route=\/wp\/v2\/pages\/151","targetHints":{"allow":["GET"]}}],"collection":[{"href":"https:\/\/nordico-oils.es\/index.php?rest_route=\/wp\/v2\/pages"}],"about":[{"href":"https:\/\/nordico-oils.es\/index.php?rest_route=\/wp\/v2\/types\/page"}],"author":[{"embeddable":true,"href":"https:\/\/nordico-oils.es\/index.php?rest_route=\/wp\/v2\/users\/1"}],"replies":[{"embeddable":true,"href":"https:\/\/nordico-oils.es\/index.php?rest_route=%2Fwp%2Fv2%2Fcomments&post=151"}],"version-history":[{"count":1,"href":"https:\/\/nordico-oils.es\/index.php?rest_route=\/wp\/v2\/pages\/151\/revisions"}],"predecessor-version":[{"id":152,"href":"https:\/\/nordico-oils.es\/index.php?rest_route=\/wp\/v2\/pages\/151\/revisions\/152"}],"wp:attachment":[{"href":"https:\/\/nordico-oils.es\/index.php?rest_route=%2Fwp%2Fv2%2Fmedia&parent=151"}],"curies":[{"name":"wp","href":"https:\/\/api.w.org\/{rel}","templated":true}]}}