

{"id":174,"date":"2025-02-05T14:20:05","date_gmt":"2025-02-05T14:20:05","guid":{"rendered":"https:\/\/nordico-oils.es\/?post_type=product&#038;p=174"},"modified":"2025-11-20T09:29:49","modified_gmt":"2025-11-20T09:29:49","slug":"5-oil","status":"publish","type":"product","link":"https:\/\/nordico-oils.es\/?product=5-oil","title":{"rendered":"\u00d3leo 5% \u2013 Espectro Total"},"content":{"rendered":"<p>\u00d3leo premium com 5% de concentra\u00e7\u00e3o, produzido a partir de plantas cultivadas de forma org\u00e2nica e sustent\u00e1vel. Este \u00f3leo de espectro total combina compostos naturais para proporcionar uma experi\u00eancia aut\u00eantica e completa. Cada lote \u00e9 testado por laborat\u00f3rios independentes para garantir pureza e qualidade. Concentra\u00e7\u00e3o: 5% por frasco de 10ml. M\u00e9todo de extra\u00e7\u00e3o avan\u00e7ado: Garante a preserva\u00e7\u00e3o dos compostos naturais. Natural e puro: Livre de aditivos artificiais, conservantes e corantes. Este produto \u00e9 fabricado de acordo com os regulamentos europeus e garante qualidade excepcional.<\/p>\n","protected":false},"excerpt":{"rendered":"<p>\u00d3leo premium com 5% de concentra\u00e7\u00e3o, produzido a partir de plantas cultivadas de forma org\u00e2nica e sustent\u00e1vel. Este \u00f3leo de espectro total combina compostos naturais para proporcionar uma experi\u00eancia aut\u00eantica e completa. Cada lote \u00e9 testado por laborat\u00f3rios independentes para garantir pureza e qualidade. Concentra\u00e7\u00e3o: 5% por frasco de 10ml. M\u00e9todo de extra\u00e7\u00e3o avan\u00e7ado: Garante [&#8230;]\n","protected":false},"featured_media":170,"comment_status":"open","ping_status":"closed","template":"","meta":[],"product_brand":[],"product_cat":[15],"product_tag":[],"class_list":{"0":"post-174","1":"product","2":"type-product","3":"status-publish","4":"has-post-thumbnail","6":"product_cat-uncategorized","8":"first","9":"instock","10":"sale","11":"shipping-taxable","12":"purchasable","13":"product-type-simple"},"_links":{"self":[{"href":"https:\/\/nordico-oils.es\/index.php?rest_route=\/wp\/v2\/product\/174","targetHints":{"allow":["GET"]}}],"collection":[{"href":"https:\/\/nordico-oils.es\/index.php?rest_route=\/wp\/v2\/product"}],"about":[{"href":"https:\/\/nordico-oils.es\/index.php?rest_route=\/wp\/v2\/types\/product"}],"replies":[{"embeddable":true,"href":"https:\/\/nordico-oils.es\/index.php?rest_route=%2Fwp%2Fv2%2Fcomments&post=174"}],"wp:featuredmedia":[{"embeddable":true,"href":"https:\/\/nordico-oils.es\/index.php?rest_route=\/wp\/v2\/media\/170"}],"wp:attachment":[{"href":"https:\/\/nordico-oils.es\/index.php?rest_route=%2Fwp%2Fv2%2Fmedia&parent=174"}],"wp:term":[{"taxonomy":"product_brand","embeddable":true,"href":"https:\/\/nordico-oils.es\/index.php?rest_route=%2Fwp%2Fv2%2Fproduct_brand&post=174"},{"taxonomy":"product_cat","embeddable":true,"href":"https:\/\/nordico-oils.es\/index.php?rest_route=%2Fwp%2Fv2%2Fproduct_cat&post=174"},{"taxonomy":"product_tag","embeddable":true,"href":"https:\/\/nordico-oils.es\/index.php?rest_route=%2Fwp%2Fv2%2Fproduct_tag&post=174"}],"curies":[{"name":"wp","href":"https:\/\/api.w.org\/{rel}","templated":true}]}}